{"id":3247,"date":"2023-06-30T12:40:43","date_gmt":"2023-06-30T10:40:43","guid":{"rendered":"https:\/\/www.kfz-nrw-gutachter.de\/?page_id=3247"},"modified":"2023-06-30T12:40:43","modified_gmt":"2023-06-30T10:40:43","slug":"gutachter-solingen","status":"publish","type":"page","link":"https:\/\/kfz-nrw-gutachter.de\/index.php\/gutachter-solingen\/","title":{"rendered":"Gutachter \u2013 Solingen"},"content":{"rendered":"\t\t<div data-elementor-type=\"wp-page\" data-elementor-id=\"3247\" class=\"elementor elementor-3247\" data-elementor-post-type=\"page\">\n\t\t\t\t<div class=\"elementor-element elementor-element-5fd2b2f9 e-flex e-con-boxed e-con e-parent\" data-id=\"5fd2b2f9\" data-element_type=\"container\" data-e-type=\"container\" data-settings=\"{&quot;background_background&quot;:&quot;classic&quot;}\">\n\t\t\t\t\t<div class=\"e-con-inner\">\n\t\t<div class=\"elementor-element elementor-element-2e7e8a1e e-flex e-con-boxed e-con e-child\" data-id=\"2e7e8a1e\" data-element_type=\"container\" data-e-type=\"container\">\n\t\t\t\t\t<div class=\"e-con-inner\">\n\t\t\t\t<div class=\"elementor-element elementor-element-5551568f elementor-invisible elementor-widget elementor-widget-heading\" data-id=\"5551568f\" data-element_type=\"widget\" data-e-type=\"widget\" data-settings=\"{&quot;_animation&quot;:&quot;fadeInDown&quot;}\" data-widget_type=\"heading.default\">\n\t\t\t\t\t<h1 class=\"elementor-heading-title elementor-size-default\">Zuverl\u00e4ssiger Kfz-Gutachter in Solingen und Umgebung<\/h1>\t\t\t\t<\/div>\n\t\t\t\t<div class=\"elementor-element elementor-element-72895929 elementor-invisible elementor-widget elementor-widget-text-editor\" data-id=\"72895929\" data-element_type=\"widget\" data-e-type=\"widget\" data-settings=\"{&quot;_animation&quot;:&quot;fadeInDown&quot;}\" data-widget_type=\"text-editor.default\">\n\t\t\t\t\t\t\t\t\t<p><span class=\"TextRun SCXW202161464 BCX0\" lang=\"DE-DE\" xml:lang=\"DE-DE\" data-contrast=\"auto\"><span class=\"NormalTextRun SCXW202161464 BCX0\">Einwandfreie Pkw-Gutachten: \u00dcberall in NRW<\/span><\/span><\/p>\t\t\t\t\t\t\t\t<\/div>\n\t\t\t\t<div class=\"elementor-element elementor-element-4a28074a elementor-invisible elementor-widget elementor-widget-image\" data-id=\"4a28074a\" data-element_type=\"widget\" data-e-type=\"widget\" data-settings=\"{&quot;_animation&quot;:&quot;fadeInUp&quot;}\" data-widget_type=\"image.default\">\n\t\t\t\t\t\t\t\t\t\t\t\t\t\t\t<img decoding=\"async\" src=\"https:\/\/www.kfz-nrw-gutachter.de\/wp-content\/uploads\/sites\/6\/2023\/03\/NRW-Karte-e1678191667954.png\" title=\"\" alt=\"\" class=\"elementor-animation-grow\" loading=\"lazy\" \/>\t\t\t\t\t\t\t\t\t\t\t\t\t\t\t<\/div>\n\t\t\t\t<div class=\"elementor-element elementor-element-57b0029f elementor-align-center elementor-invisible elementor-widget elementor-widget-button\" data-id=\"57b0029f\" data-element_type=\"widget\" data-e-type=\"widget\" data-settings=\"{&quot;_animation&quot;:&quot;fadeInUp&quot;,&quot;_animation_delay&quot;:500}\" data-widget_type=\"button.default\">\n\t\t\t\t\t\t\t\t\t\t<a class=\"elementor-button elementor-button-link elementor-size-xl elementor-animation-grow\" href=\"\/kontakt\">\n\t\t\t\t\t\t<span class=\"elementor-button-content-wrapper\">\n\t\t\t\t\t\t\t\t\t<span class=\"elementor-button-text\">Jetzt Kontaktieren!<\/span>\n\t\t\t\t\t<\/span>\n\t\t\t\t\t<\/a>\n\t\t\t\t\t\t\t\t<\/div>\n\t\t\t\t\t<\/div>\n\t\t\t\t<\/div>\n\t\t\t\t\t<\/div>\n\t\t\t\t<\/div>\n\t\t<div class=\"elementor-element elementor-element-68041e80 e-flex e-con-boxed e-con e-parent\" data-id=\"68041e80\" data-element_type=\"container\" data-e-type=\"container\">\n\t\t\t\t\t<div class=\"e-con-inner\">\n\t\t\t\t<div class=\"elementor-element elementor-element-7c2983e6 elementor-widget elementor-widget-text-editor\" data-id=\"7c2983e6\" data-element_type=\"widget\" data-e-type=\"widget\" data-widget_type=\"text-editor.default\">\n\t\t\t\t\t\t\t\t\t<p>Verkehrsunf\u00e4lle sind bedauerlicherweise auch in Solingen, einer Stadt mit hohem Fahrzeugaufkommen, keine Seltenheit. Als Ihr Kfz-Gutachter in Solingen stellen wir uns zur Verf\u00fcgung, um Sie in solchen Momenten zu unterst\u00fctzen. Unser Sachverst\u00e4ndigenb\u00fcro ist Ihr Ansprechpartner f\u00fcr die <strong>Bewertung von Sch\u00e4den<\/strong>, die <strong>Bestimmung des Fahrzeugwerts<\/strong> und die <strong>Ausarbeitung von Unfallgutachten<\/strong>. Wir bieten unsere Dienstleistungen in <strong>ganz NRW <\/strong>an, passen uns schnell an die Bed\u00fcrfnisse unserer Kunden an und sorgen daf\u00fcr, dass Sie die bestm\u00f6gliche Entsch\u00e4digung erhalten. \u00dcberzeugen Sie sich von unserem breit gef\u00e4cherten Angebot und unserer umfangreichen Erfahrung!<\/p>\t\t\t\t\t\t\t\t<\/div>\n\t\t\t\t<div class=\"elementor-element elementor-element-56a3736 elementor-align-center elementor-invisible elementor-widget elementor-widget-button\" data-id=\"56a3736\" data-element_type=\"widget\" data-e-type=\"widget\" data-settings=\"{&quot;_animation&quot;:&quot;fadeInUp&quot;,&quot;_animation_delay&quot;:500}\" data-widget_type=\"button.default\">\n\t\t\t\t\t\t\t\t\t\t<a class=\"elementor-button elementor-button-link elementor-size-xl elementor-animation-grow\" href=\"\/kontakt\">\n\t\t\t\t\t\t<span class=\"elementor-button-content-wrapper\">\n\t\t\t\t\t\t\t\t\t<span class=\"elementor-button-text\">Jetzt Kontaktieren!<\/span>\n\t\t\t\t\t<\/span>\n\t\t\t\t\t<\/a>\n\t\t\t\t\t\t\t\t<\/div>\n\t\t\t\t<div class=\"elementor-element elementor-element-3bb22d94 elementor-widget elementor-widget-heading\" data-id=\"3bb22d94\" data-element_type=\"widget\" data-e-type=\"widget\" data-widget_type=\"heading.default\">\n\t\t\t\t\t<h2 class=\"elementor-heading-title elementor-size-default\">Kompetente Fahrzeugbewertung durch Ihren Kfz-Gutachter in Solingen<\/h2>\t\t\t\t<\/div>\n\t\t\t\t<div class=\"elementor-element elementor-element-7ed09b23 elementor-widget elementor-widget-text-editor\" data-id=\"7ed09b23\" data-element_type=\"widget\" data-e-type=\"widget\" data-widget_type=\"text-editor.default\">\n\t\t\t\t\t\t\t\t\t<p>Nach einem Unfall ist eine genaue Fahrzeugbewertung von entscheidender Bedeutung, um alle Sch\u00e4den korrekt zu erfassen und den Wertverlust des Fahrzeugs zu bestimmen. Das <a href=\"https:\/\/www.kfz-nrw-gutachter.de\/unfallgutachten\/\">Unfallgutachten<\/a> bietet eine <strong>detaillierte Aufstellung<\/strong> der durch den Unfall entstandenen Sch\u00e4den und liefert so die Grundlage f\u00fcr die Abwicklung mit der Versicherung. Unser Team erstellt f\u00fcr Sie ein <strong>gr\u00fcndliches Schadengutachten<\/strong>, das die Schadensdetails und die damit verbundenen Kosten pr\u00e4zise darstellt.<\/p><p>Unsere Leistungen beinhalten auch die Erstellung von <a href=\"https:\/\/www.kfz-nrw-gutachter.de\/wertgutachten\/\">Wertgutachten<\/a>. Sei es f\u00fcr den <strong>Verkauf Ihres Fahrzeugs<\/strong> oder die <strong>Unterzeichnung einer Versicherungspolice<\/strong>, wir helfen Ihnen dabei, den genauen Wert Ihres Fahrzeugs zu ermitteln und eine <strong>zuverl\u00e4ssige Sch\u00e4tzung <\/strong>seines potenziellen Wiederverkaufswerts zu bekommen. Wir ber\u00fccksichtigen dabei verschiedene Faktoren, darunter:<\/p><ul><li>den Zustand des Fahrzeugs,<\/li><li>den Kilometerstand und<\/li><li>die Ausstattung.<\/li><\/ul><p>Lassen Sie jetzt Ihr Wertgutachten erstellen!<\/p>\t\t\t\t\t\t\t\t<\/div>\n\t\t\t\t<div class=\"elementor-element elementor-element-568787be elementor-widget elementor-widget-heading\" data-id=\"568787be\" data-element_type=\"widget\" data-e-type=\"widget\" data-widget_type=\"heading.default\">\n\t\t\t\t\t<h2 class=\"elementor-heading-title elementor-size-default\">Klare Restwertermittlung durch sachverst\u00e4ndige Kfz-Gutachter in Solingen<\/h2>\t\t\t\t<\/div>\n\t\t\t\t<div class=\"elementor-element elementor-element-7638fc0d elementor-widget elementor-widget-text-editor\" data-id=\"7638fc0d\" data-element_type=\"widget\" data-e-type=\"widget\" data-widget_type=\"text-editor.default\">\n\t\t\t\t\t\t\t\t\t<p>Selbst nach einem schweren Unfall bleibt Ihr Fahrzeug nicht ohne <strong>Restwert<\/strong>. Unsere Aufgabe als Kfz-Sachverst\u00e4ndiger besteht darin, den <strong>aktuellen Marktwert<\/strong> Ihres besch\u00e4digten Fahrzeugs zu bestimmen. Dabei ber\u00fccksichtigen wir sowohl den aktuellen als auch den <strong>historischen Wert <\/strong>des Fahrzeugs und den <strong>potenziellen Wiederverkaufswert<\/strong>.<\/p>\t\t\t\t\t\t\t\t<\/div>\n\t\t\t\t<div class=\"elementor-element elementor-element-7f4ac674 elementor-widget elementor-widget-heading\" data-id=\"7f4ac674\" data-element_type=\"widget\" data-e-type=\"widget\" data-widget_type=\"heading.default\">\n\t\t\t\t\t<h3 class=\"elementor-heading-title elementor-size-default\">Ihr verl\u00e4sslicher Sachverst\u00e4ndiger in Solingen<\/h3>\t\t\t\t<\/div>\n\t\t\t\t<div class=\"elementor-element elementor-element-6a901452 elementor-widget elementor-widget-text-editor\" data-id=\"6a901452\" data-element_type=\"widget\" data-e-type=\"widget\" data-widget_type=\"text-editor.default\">\n\t\t\t\t\t\t\t\t\t<p>Unser Sachverst\u00e4ndigenb\u00fcro in Solingen besitzt umfassendes Know-how in den Bereichen <a href=\"https:\/\/www.kfz-nrw-gutachter.de\/pkw-gutachten\/\">Pkw<\/a>-, <a href=\"https:\/\/www.kfz-nrw-gutachter.de\/lkw-gutachten\/\">Lkw<\/a>&#8211; und <a href=\"https:\/\/www.kfz-nrw-gutachter.de\/motorradgutachten\/\">Motorradgutachten<\/a>. Wir bieten <strong>erstklassigen Kundenservice<\/strong> und qualitativ <strong>hochwertige Kfz-Gutachten<\/strong>. Als angesehene Kfz-Sachverst\u00e4ndige in Solingen und ganz NRW bieten wir professionelle Beratung und effiziente Bearbeitung Ihrer Anliegen. Bei einem Schadensfall kontaktieren Sie uns sofort unter der Telefonnummer&nbsp;<strong>+49 2154-88 78 88-0<\/strong><strong>&nbsp;<\/strong>oder per E-Mail an <a href=\"mailto:info@kfz-nrw-gutachter.de\">info@kfz-nrw-gutachter.de<\/a>. Wir stehen Ihnen als kompetente und erfahrene Sachverst\u00e4ndige zur Verf\u00fcgung. Vereinbaren Sie jetzt einen Termin!<\/p>\t\t\t\t\t\t\t\t<\/div>\n\t\t\t\t<div class=\"elementor-element elementor-element-48e48499 elementor-align-center elementor-invisible elementor-widget elementor-widget-button\" data-id=\"48e48499\" data-element_type=\"widget\" data-e-type=\"widget\" data-settings=\"{&quot;_animation&quot;:&quot;fadeInUp&quot;,&quot;_animation_delay&quot;:500}\" data-widget_type=\"button.default\">\n\t\t\t\t\t\t\t\t\t\t<a class=\"elementor-button elementor-button-link elementor-size-xl elementor-animation-grow\" href=\"\/kontakt\">\n\t\t\t\t\t\t<span class=\"elementor-button-content-wrapper\">\n\t\t\t\t\t\t\t\t\t<span class=\"elementor-button-text\">Jetzt Kontaktieren!<\/span>\n\t\t\t\t\t<\/span>\n\t\t\t\t\t<\/a>\n\t\t\t\t\t\t\t\t<\/div>\n\t\t\t\t\t<\/div>\n\t\t\t\t<\/div>\n\t\t\t\t<section class=\"elementor-section elementor-top-section elementor-element elementor-element-1b959b95 elementor-section-height-min-height elementor-section-boxed elementor-section-height-default elementor-section-items-middle\" data-id=\"1b959b95\" data-element_type=\"section\" data-e-type=\"section\" data-settings=\"{&quot;background_background&quot;:&quot;classic&quot;}\">\n\t\t\t\t\t\t<div class=\"elementor-container elementor-column-gap-default\">\n\t\t\t\t\t<div class=\"elementor-column elementor-col-100 elementor-top-column elementor-element elementor-element-51e225af\" data-id=\"51e225af\" data-element_type=\"column\" data-e-type=\"column\">\n\t\t\t<div class=\"elementor-widget-wrap elementor-element-populated\">\n\t\t\t\t\t\t<section class=\"elementor-section elementor-inner-section elementor-element elementor-element-3fc88003 elementor-section-full_width elementor-section-height-default elementor-section-height-default\" data-id=\"3fc88003\" data-element_type=\"section\" data-e-type=\"section\">\n\t\t\t\t\t\t<div class=\"elementor-container elementor-column-gap-default\">\n\t\t\t\t\t<div class=\"elementor-column elementor-col-50 elementor-inner-column elementor-element elementor-element-623d7eb9\" data-id=\"623d7eb9\" data-element_type=\"column\" data-e-type=\"column\">\n\t\t\t<div class=\"elementor-widget-wrap elementor-element-populated\">\n\t\t\t\t\t\t<div class=\"elementor-element elementor-element-40c5add elementor-widget elementor-widget-heading\" data-id=\"40c5add\" data-element_type=\"widget\" data-e-type=\"widget\" data-widget_type=\"heading.default\">\n\t\t\t\t\t<div class=\"elementor-heading-title elementor-size-default\">KFZ Sachverst\u00e4ndiger NRW<\/div>\t\t\t\t<\/div>\n\t\t\t\t<div class=\"elementor-element elementor-element-6b271931 elementor-widget elementor-widget-text-editor\" data-id=\"6b271931\" data-element_type=\"widget\" data-e-type=\"widget\" data-widget_type=\"text-editor.default\">\n\t\t\t\t\t\t\t\t\t<p>Hans-B\u00f6ckler-Str. 11<br \/>47877 Willich<\/p><p>Wie Sie uns erreichen:<br \/>Telefon: +49 2154-88 78 88-0<br \/>Telefax: +49 2154-88 78 88-9<br \/>E-Mail: info@kfz-nrw-gutachter.de<\/p>\t\t\t\t\t\t\t\t<\/div>\n\t\t\t\t\t<\/div>\n\t\t<\/div>\n\t\t\t\t<div class=\"elementor-column elementor-col-50 elementor-inner-column elementor-element elementor-element-59ab58d8\" data-id=\"59ab58d8\" data-element_type=\"column\" data-e-type=\"column\">\n\t\t\t<div class=\"elementor-widget-wrap elementor-element-populated\">\n\t\t\t\t\t\t<div class=\"elementor-element elementor-element-61c1597a elementor-widget elementor-widget-image\" data-id=\"61c1597a\" data-element_type=\"widget\" data-e-type=\"widget\" data-widget_type=\"image.default\">\n\t\t\t\t\t\t\t\t\t\t\t\t\t\t\t<img decoding=\"async\" src=\"http:\/\/nrw.kfz-nrw-gutachter.de\/wp-content\/uploads\/sites\/6\/2023\/02\/cropped-Logo-nur-Auto.jpg\" title=\"\" alt=\"\" loading=\"lazy\" \/>\t\t\t\t\t\t\t\t\t\t\t\t\t\t\t<\/div>\n\t\t\t\t<div class=\"elementor-element elementor-element-64cf8243 elementor-widget elementor-widget-image\" data-id=\"64cf8243\" data-element_type=\"widget\" data-e-type=\"widget\" data-widget_type=\"image.default\">\n\t\t\t\t\t\t\t\t\t\t\t\t\t\t\t<img decoding=\"async\" src=\"http:\/\/nrw.kfz-nrw-gutachter.de\/wp-content\/uploads\/sites\/6\/2023\/02\/Logo-nur-Schrift.png\" title=\"\" alt=\"\" loading=\"lazy\" \/>\t\t\t\t\t\t\t\t\t\t\t\t\t\t\t<\/div>\n\t\t\t\t<div class=\"elementor-element elementor-element-2a075cd1 elementor-widget elementor-widget-text-editor\" data-id=\"2a075cd1\" data-element_type=\"widget\" data-e-type=\"widget\" data-widget_type=\"text-editor.default\">\n\t\t\t\t\t\t\t\t\t<p>Profitieren Sie von unserer langj\u00e4hrigen Erfahrung!<\/p>\t\t\t\t\t\t\t\t<\/div>\n\t\t\t\t<div class=\"elementor-element elementor-element-6c5bd68c elementor-shape-circle e-grid-align-right elementor-grid-0 elementor-widget elementor-widget-social-icons\" data-id=\"6c5bd68c\" data-element_type=\"widget\" data-e-type=\"widget\" data-widget_type=\"social-icons.default\">\n\t\t\t\t\t\t\t<div class=\"elementor-social-icons-wrapper elementor-grid\" role=\"list\">\n\t\t\t\t\t\t\t<span class=\"elementor-grid-item\" role=\"listitem\">\n\t\t\t\t\t<a class=\"elementor-icon elementor-social-icon elementor-social-icon-facebook-f elementor-animation-grow elementor-repeater-item-53723b6\" href=\"https:\/\/www.facebook.com\/zemezlab\/\" target=\"_blank\">\n\t\t\t\t\t\t<span class=\"elementor-screen-only\">Facebook-f<\/span>\n\t\t\t\t\t\t<svg aria-hidden=\"true\" class=\"e-font-icon-svg e-fab-facebook-f\" viewBox=\"0 0 320 512\" xmlns=\"http:\/\/www.w3.org\/2000\/svg\"><path d=\"M279.14 288l14.22-92.66h-88.91v-60.13c0-25.35 12.42-50.06 52.24-50.06h40.42V6.26S260.43 0 225.36 0c-73.22 0-121.08 44.38-121.08 124.72v70.62H22.89V288h81.39v224h100.17V288z\"><\/path><\/svg>\t\t\t\t\t<\/a>\n\t\t\t\t<\/span>\n\t\t\t\t\t\t\t<span class=\"elementor-grid-item\" role=\"listitem\">\n\t\t\t\t\t<a class=\"elementor-icon elementor-social-icon elementor-social-icon-twitter elementor-animation-grow elementor-repeater-item-3c92661\" href=\"https:\/\/twitter.com\/zemezlab\" target=\"_blank\">\n\t\t\t\t\t\t<span class=\"elementor-screen-only\">Twitter<\/span>\n\t\t\t\t\t\t<svg aria-hidden=\"true\" class=\"e-font-icon-svg e-fab-twitter\" viewBox=\"0 0 512 512\" xmlns=\"http:\/\/www.w3.org\/2000\/svg\"><path d=\"M459.37 151.716c.325 4.548.325 9.097.325 13.645 0 138.72-105.583 298.558-298.558 298.558-59.452 0-114.68-17.219-161.137-47.106 8.447.974 16.568 1.299 25.34 1.299 49.055 0 94.213-16.568 130.274-44.832-46.132-.975-84.792-31.188-98.112-72.772 6.498.974 12.995 1.624 19.818 1.624 9.421 0 18.843-1.3 27.614-3.573-48.081-9.747-84.143-51.98-84.143-102.985v-1.299c13.969 7.797 30.214 12.67 47.431 13.319-28.264-18.843-46.781-51.005-46.781-87.391 0-19.492 5.197-37.36 14.294-52.954 51.655 63.675 129.3 105.258 216.365 109.807-1.624-7.797-2.599-15.918-2.599-24.04 0-57.828 46.782-104.934 104.934-104.934 30.213 0 57.502 12.67 76.67 33.137 23.715-4.548 46.456-13.32 66.599-25.34-7.798 24.366-24.366 44.833-46.132 57.827 21.117-2.273 41.584-8.122 60.426-16.243-14.292 20.791-32.161 39.308-52.628 54.253z\"><\/path><\/svg>\t\t\t\t\t<\/a>\n\t\t\t\t<\/span>\n\t\t\t\t\t\t\t<span class=\"elementor-grid-item\" role=\"listitem\">\n\t\t\t\t\t<a class=\"elementor-icon elementor-social-icon elementor-social-icon-google-plus-g elementor-animation-grow elementor-repeater-item-30fdae8\" href=\"https:\/\/plus.google.com\/\" target=\"_blank\">\n\t\t\t\t\t\t<span class=\"elementor-screen-only\">Google-plus-g<\/span>\n\t\t\t\t\t\t<svg aria-hidden=\"true\" class=\"e-font-icon-svg e-fab-google-plus-g\" viewBox=\"0 0 640 512\" xmlns=\"http:\/\/www.w3.org\/2000\/svg\"><path d=\"M386.061 228.496c1.834 9.692 3.143 19.384 3.143 31.956C389.204 370.205 315.599 448 204.8 448c-106.084 0-192-85.915-192-192s85.916-192 192-192c51.864 0 95.083 18.859 128.611 50.292l-52.126 50.03c-14.145-13.621-39.028-29.599-76.485-29.599-65.484 0-118.92 54.221-118.92 121.277 0 67.056 53.436 121.277 118.92 121.277 75.961 0 104.513-54.745 108.965-82.773H204.8v-66.009h181.261zm185.406 6.437V179.2h-56.001v55.733h-55.733v56.001h55.733v55.733h56.001v-55.733H627.2v-56.001h-55.733z\"><\/path><\/svg>\t\t\t\t\t<\/a>\n\t\t\t\t<\/span>\n\t\t\t\t\t\t\t<span class=\"elementor-grid-item\" role=\"listitem\">\n\t\t\t\t\t<a class=\"elementor-icon elementor-social-icon elementor-social-icon-instagram elementor-animation-grow elementor-repeater-item-962f4eb\" href=\"https:\/\/www.instagram.com\/zemezlab\" target=\"_blank\">\n\t\t\t\t\t\t<span class=\"elementor-screen-only\">Instagram<\/span>\n\t\t\t\t\t\t<svg aria-hidden=\"true\" class=\"e-font-icon-svg e-fab-instagram\" viewBox=\"0 0 448 512\" xmlns=\"http:\/\/www.w3.org\/2000\/svg\"><path d=\"M224.1 141c-63.6 0-114.9 51.3-114.9 114.9s51.3 114.9 114.9 114.9S339 319.5 339 255.9 287.7 141 224.1 141zm0 189.6c-41.1 0-74.7-33.5-74.7-74.7s33.5-74.7 74.7-74.7 74.7 33.5 74.7 74.7-33.6 74.7-74.7 74.7zm146.4-194.3c0 14.9-12 26.8-26.8 26.8-14.9 0-26.8-12-26.8-26.8s12-26.8 26.8-26.8 26.8 12 26.8 26.8zm76.1 27.2c-1.7-35.9-9.9-67.7-36.2-93.9-26.2-26.2-58-34.4-93.9-36.2-37-2.1-147.9-2.1-184.9 0-35.8 1.7-67.6 9.9-93.9 36.1s-34.4 58-36.2 93.9c-2.1 37-2.1 147.9 0 184.9 1.7 35.9 9.9 67.7 36.2 93.9s58 34.4 93.9 36.2c37 2.1 147.9 2.1 184.9 0 35.9-1.7 67.7-9.9 93.9-36.2 26.2-26.2 34.4-58 36.2-93.9 2.1-37 2.1-147.8 0-184.8zM398.8 388c-7.8 19.6-22.9 34.7-42.6 42.6-29.5 11.7-99.5 9-132.1 9s-102.7 2.6-132.1-9c-19.6-7.8-34.7-22.9-42.6-42.6-11.7-29.5-9-99.5-9-132.1s-2.6-102.7 9-132.1c7.8-19.6 22.9-34.7 42.6-42.6 29.5-11.7 99.5-9 132.1-9s102.7-2.6 132.1 9c19.6 7.8 34.7 22.9 42.6 42.6 11.7 29.5 9 99.5 9 132.1s2.7 102.7-9 132.1z\"><\/path><\/svg>\t\t\t\t\t<\/a>\n\t\t\t\t<\/span>\n\t\t\t\t\t<\/div>\n\t\t\t\t\t\t<\/div>\n\t\t\t\t\t<\/div>\n\t\t<\/div>\n\t\t\t\t\t<\/div>\n\t\t<\/section>\n\t\t\t\t\t<\/div>\n\t\t<\/div>\n\t\t\t\t\t<\/div>\n\t\t<\/section>\n\t\t\t\t<section class=\"elementor-section elementor-top-section elementor-element elementor-element-7489d9aa elementor-section-height-min-height elementor-section-boxed elementor-section-height-default elementor-section-items-middle\" data-id=\"7489d9aa\" data-element_type=\"section\" data-e-type=\"section\" data-settings=\"{&quot;background_background&quot;:&quot;classic&quot;}\">\n\t\t\t\t\t\t<div class=\"elementor-container elementor-column-gap-default\">\n\t\t\t\t\t<div class=\"elementor-column elementor-col-100 elementor-top-column elementor-element elementor-element-5b25b32e\" data-id=\"5b25b32e\" data-element_type=\"column\" data-e-type=\"column\">\n\t\t\t<div class=\"elementor-widget-wrap elementor-element-populated\">\n\t\t\t\t\t\t<section class=\"elementor-section elementor-inner-section elementor-element elementor-element-39c030c9 elementor-section-boxed elementor-section-height-default elementor-section-height-default\" data-id=\"39c030c9\" data-element_type=\"section\" data-e-type=\"section\">\n\t\t\t\t\t\t<div class=\"elementor-container elementor-column-gap-default\">\n\t\t\t\t\t<div class=\"elementor-column elementor-col-50 elementor-inner-column elementor-element elementor-element-5e1d79d7\" data-id=\"5e1d79d7\" data-element_type=\"column\" data-e-type=\"column\">\n\t\t\t<div class=\"elementor-widget-wrap elementor-element-populated\">\n\t\t\t\t\t\t<div class=\"elementor-element elementor-element-73b18aed elementor-widget elementor-widget-text-editor\" data-id=\"73b18aed\" data-element_type=\"widget\" data-e-type=\"widget\" data-widget_type=\"text-editor.default\">\n\t\t\t\t\t\t\t\t\t<p>\u00a9 2012-2022 KFZ Sachverst\u00e4ndiger NRW. Alle Rechte vorbehalten.<\/p>\t\t\t\t\t\t\t\t<\/div>\n\t\t\t\t\t<\/div>\n\t\t<\/div>\n\t\t\t\t<div class=\"elementor-column elementor-col-50 elementor-inner-column elementor-element elementor-element-7a8b3900\" data-id=\"7a8b3900\" data-element_type=\"column\" data-e-type=\"column\">\n\t\t\t<div class=\"elementor-widget-wrap elementor-element-populated\">\n\t\t\t\t\t\t<section class=\"elementor-section elementor-inner-section elementor-element elementor-element-290f4dad elementor-section-boxed elementor-section-height-default elementor-section-height-default\" data-id=\"290f4dad\" data-element_type=\"section\" data-e-type=\"section\">\n\t\t\t\t\t\t<div class=\"elementor-container elementor-column-gap-default\">\n\t\t\t\t\t<div class=\"elementor-column elementor-col-25 elementor-inner-column elementor-element elementor-element-8062d70\" data-id=\"8062d70\" data-element_type=\"column\" data-e-type=\"column\">\n\t\t\t<div class=\"elementor-widget-wrap elementor-element-populated\">\n\t\t\t\t\t\t<div class=\"elementor-element elementor-element-36cdc3c elementor-widget elementor-widget-text-editor\" data-id=\"36cdc3c\" data-element_type=\"widget\" data-e-type=\"widget\" data-widget_type=\"text-editor.default\">\n\t\t\t\t\t\t\t\t\t<p><a href=\"https:\/\/www.kfz-nrw-gutachter.de\/datenschutz\/\">Datenschutz<\/a><\/p>\t\t\t\t\t\t\t\t<\/div>\n\t\t\t\t\t<\/div>\n\t\t<\/div>\n\t\t\t\t<div class=\"elementor-column elementor-col-25 elementor-inner-column elementor-element elementor-element-2385b8db\" data-id=\"2385b8db\" data-element_type=\"column\" data-e-type=\"column\">\n\t\t\t<div class=\"elementor-widget-wrap elementor-element-populated\">\n\t\t\t\t\t\t<div class=\"elementor-element elementor-element-76af5201 elementor-widget elementor-widget-text-editor\" data-id=\"76af5201\" data-element_type=\"widget\" data-e-type=\"widget\" data-widget_type=\"text-editor.default\">\n\t\t\t\t\t\t\t\t\t<p><a href=\"https:\/\/www.kfz-nrw-gutachter.de\/kontakt\/\">Kontakt<\/a><\/p>\t\t\t\t\t\t\t\t<\/div>\n\t\t\t\t\t<\/div>\n\t\t<\/div>\n\t\t\t\t<div class=\"elementor-column elementor-col-25 elementor-inner-column elementor-element elementor-element-34a63a82\" data-id=\"34a63a82\" data-element_type=\"column\" data-e-type=\"column\">\n\t\t\t<div class=\"elementor-widget-wrap elementor-element-populated\">\n\t\t\t\t\t\t<div class=\"elementor-element elementor-element-5316dc1c elementor-widget elementor-widget-text-editor\" data-id=\"5316dc1c\" data-element_type=\"widget\" data-e-type=\"widget\" data-widget_type=\"text-editor.default\">\n\t\t\t\t\t\t\t\t\t<p><a href=\"https:\/\/www.kfz-nrw-gutachter.de\/agb\/\">AGB<\/a><\/p>\t\t\t\t\t\t\t\t<\/div>\n\t\t\t\t\t<\/div>\n\t\t<\/div>\n\t\t\t\t<div class=\"elementor-column elementor-col-25 elementor-inner-column elementor-element elementor-element-8ae89a5\" data-id=\"8ae89a5\" data-element_type=\"column\" data-e-type=\"column\">\n\t\t\t<div class=\"elementor-widget-wrap elementor-element-populated\">\n\t\t\t\t\t\t<div class=\"elementor-element elementor-element-70e6cfc9 elementor-widget elementor-widget-text-editor\" data-id=\"70e6cfc9\" data-element_type=\"widget\" data-e-type=\"widget\" data-widget_type=\"text-editor.default\">\n\t\t\t\t\t\t\t\t\t<p><a href=\"https:\/\/www.kfz-nrw-gutachter.de\/impressum\/\">Impressum<\/a><\/p>\t\t\t\t\t\t\t\t<\/div>\n\t\t\t\t\t<\/div>\n\t\t<\/div>\n\t\t\t\t\t<\/div>\n\t\t<\/section>\n\t\t\t\t\t<\/div>\n\t\t<\/div>\n\t\t\t\t\t<\/div>\n\t\t<\/section>\n\t\t\t\t\t<\/div>\n\t\t<\/div>\n\t\t\t\t\t<\/div>\n\t\t<\/section>\n\t\t<div class=\"elementor-element elementor-element-55e3d43b e-con-full mobil-button-layout e-flex e-con e-parent\" data-id=\"55e3d43b\" data-element_type=\"container\" data-e-type=\"container\" data-settings=\"{&quot;position&quot;:&quot;fixed&quot;}\">\n\t\t\t\t<div class=\"elementor-element elementor-element-51ddc907 mobil-button elementor-widget elementor-widget-image\" data-id=\"51ddc907\" data-element_type=\"widget\" data-e-type=\"widget\" data-widget_type=\"image.default\">\n\t\t\t\t\t\t\t\t\t\t\t\t\t\t\t\t<a href=\"tel:0170%206812509\">\n\t\t\t\t\t\t\t<img decoding=\"async\" src=\"https:\/\/www.kfz-nrw-gutachter.de\/wp-content\/uploads\/sites\/6\/2023\/02\/Element-1-1.png\" title=\"\" alt=\"\" loading=\"lazy\" \/>\t\t\t\t\t\t\t\t<\/a>\n\t\t\t\t\t\t\t\t\t\t\t\t\t\t\t<\/div>\n\t\t\t\t<\/div>\n\t\t\t\t<\/div>\n\t\t","protected":false},"excerpt":{"rendered":"<p>Zuverl\u00e4ssiger Kfz-Gutachter in Solingen und Umgebung Einwandfreie Pkw-Gutachten: \u00dcberall in NRW Jetzt Kontaktieren! Verkehrsunf\u00e4lle sind bedauerlicherweise auch in Solingen, einer Stadt mit hohem Fahrzeugaufkommen, keine Seltenheit. Als Ihr Kfz-Gutachter in Solingen stellen wir uns zur Verf\u00fcgung, um Sie in solchen Momenten zu unterst\u00fctzen. Unser Sachverst\u00e4ndigenb\u00fcro ist Ihr Ansprechpartner f\u00fcr die Bewertung von Sch\u00e4den, die Bestimmung [&hellip;]<\/p>\n","protected":false},"author":1,"featured_media":0,"parent":0,"menu_order":0,"comment_status":"closed","ping_status":"closed","template":"elementor_header_footer","meta":{"footnotes":""},"class_list":["post-3247","page","type-page","status-publish","hentry"],"_links":{"self":[{"href":"https:\/\/kfz-nrw-gutachter.de\/index.php\/wp-json\/wp\/v2\/pages\/3247","targetHints":{"allow":["GET"]}}],"collection":[{"href":"https:\/\/kfz-nrw-gutachter.de\/index.php\/wp-json\/wp\/v2\/pages"}],"about":[{"href":"https:\/\/kfz-nrw-gutachter.de\/index.php\/wp-json\/wp\/v2\/types\/page"}],"author":[{"embeddable":true,"href":"https:\/\/kfz-nrw-gutachter.de\/index.php\/wp-json\/wp\/v2\/users\/1"}],"replies":[{"embeddable":true,"href":"https:\/\/kfz-nrw-gutachter.de\/index.php\/wp-json\/wp\/v2\/comments?post=3247"}],"version-history":[{"count":0,"href":"https:\/\/kfz-nrw-gutachter.de\/index.php\/wp-json\/wp\/v2\/pages\/3247\/revisions"}],"wp:attachment":[{"href":"https:\/\/kfz-nrw-gutachter.de\/index.php\/wp-json\/wp\/v2\/media?parent=3247"}],"curies":[{"name":"wp","href":"https:\/\/api.w.org\/{rel}","templated":true}]}}