{"id":3237,"date":"2023-06-29T13:44:12","date_gmt":"2023-06-29T11:44:12","guid":{"rendered":"https:\/\/www.kfz-nrw-gutachter.de\/?page_id=3237"},"modified":"2023-06-29T13:44:12","modified_gmt":"2023-06-29T11:44:12","slug":"gutacher-muehlheim-an-der-ruhr","status":"publish","type":"page","link":"https:\/\/kfz-nrw-gutachter.de\/index.php\/gutacher-muehlheim-an-der-ruhr\/","title":{"rendered":"Gutacher &#8211; M\u00fchlheim an der Ruhr"},"content":{"rendered":"\t\t<div data-elementor-type=\"wp-page\" data-elementor-id=\"3237\" class=\"elementor elementor-3237\" data-elementor-post-type=\"page\">\n\t\t\t\t<div class=\"elementor-element elementor-element-54103f7f e-flex e-con-boxed e-con e-parent\" data-id=\"54103f7f\" data-element_type=\"container\" data-e-type=\"container\" data-settings=\"{&quot;background_background&quot;:&quot;classic&quot;}\">\n\t\t\t\t\t<div class=\"e-con-inner\">\n\t\t<div class=\"elementor-element elementor-element-338620c6 e-flex e-con-boxed e-con e-parent\" data-id=\"338620c6\" data-element_type=\"container\" data-e-type=\"container\">\n\t\t\t\t\t<div class=\"e-con-inner\">\n\t\t\t\t<div class=\"elementor-element elementor-element-1bbb3c7c elementor-invisible elementor-widget elementor-widget-heading\" data-id=\"1bbb3c7c\" data-element_type=\"widget\" data-e-type=\"widget\" data-settings=\"{&quot;_animation&quot;:&quot;fadeInDown&quot;}\" data-widget_type=\"heading.default\">\n\t\t\t\t\t<h1 class=\"elementor-heading-title elementor-size-default\">Expertenunterst\u00fctzung durch Kfz-Gutachter in M\u00fchlheim<\/h1>\t\t\t\t<\/div>\n\t\t\t\t<div class=\"elementor-element elementor-element-7b516f4a elementor-invisible elementor-widget elementor-widget-text-editor\" data-id=\"7b516f4a\" data-element_type=\"widget\" data-e-type=\"widget\" data-settings=\"{&quot;_animation&quot;:&quot;fadeInDown&quot;}\" data-widget_type=\"text-editor.default\">\n\t\t\t\t\t\t\t\t\t<p><span class=\"TextRun SCXW202161464 BCX0\" lang=\"DE-DE\" xml:lang=\"DE-DE\" data-contrast=\"auto\"><span class=\"NormalTextRun SCXW202161464 BCX0\">Einwandfreie Pkw-Gutachten: \u00dcberall in NRW<\/span><\/span><\/p>\t\t\t\t\t\t\t\t<\/div>\n\t\t\t\t<div class=\"elementor-element elementor-element-78d0654c elementor-invisible elementor-widget elementor-widget-image\" data-id=\"78d0654c\" data-element_type=\"widget\" data-e-type=\"widget\" data-settings=\"{&quot;_animation&quot;:&quot;fadeInUp&quot;}\" data-widget_type=\"image.default\">\n\t\t\t\t\t\t\t\t\t\t\t\t\t\t\t<img decoding=\"async\" src=\"https:\/\/www.kfz-nrw-gutachter.de\/wp-content\/uploads\/sites\/6\/2023\/03\/NRW-Karte-e1678191667954.png\" title=\"\" alt=\"\" class=\"elementor-animation-grow\" loading=\"lazy\" \/>\t\t\t\t\t\t\t\t\t\t\t\t\t\t\t<\/div>\n\t\t\t\t<div class=\"elementor-element elementor-element-5b0c1af elementor-align-center elementor-invisible elementor-widget elementor-widget-button\" data-id=\"5b0c1af\" data-element_type=\"widget\" data-e-type=\"widget\" data-settings=\"{&quot;_animation&quot;:&quot;fadeInUp&quot;,&quot;_animation_delay&quot;:500}\" data-widget_type=\"button.default\">\n\t\t\t\t\t\t\t\t\t\t<a class=\"elementor-button elementor-button-link elementor-size-xl elementor-animation-grow\" href=\"\/kontakt\">\n\t\t\t\t\t\t<span class=\"elementor-button-content-wrapper\">\n\t\t\t\t\t\t\t\t\t<span class=\"elementor-button-text\">Jetzt Kontaktieren!<\/span>\n\t\t\t\t\t<\/span>\n\t\t\t\t\t<\/a>\n\t\t\t\t\t\t\t\t<\/div>\n\t\t\t\t\t<\/div>\n\t\t\t\t<\/div>\n\t\t\t\t\t<\/div>\n\t\t\t\t<\/div>\n\t\t<div class=\"elementor-element elementor-element-4878c980 e-flex e-con-boxed e-con e-parent\" data-id=\"4878c980\" data-element_type=\"container\" data-e-type=\"container\">\n\t\t\t\t\t<div class=\"e-con-inner\">\n\t\t\t\t<div class=\"elementor-element elementor-element-2f7e8ee5 elementor-widget elementor-widget-text-editor\" data-id=\"2f7e8ee5\" data-element_type=\"widget\" data-e-type=\"widget\" data-widget_type=\"text-editor.default\">\n\t\t\t\t\t\t\t\t\t<p>Die Lage nach einem Autounfall kann verwirrend und belastend sein, wenn Ihr Fahrzeug betroffen ist. Als Kfz-Gutachter in M\u00fchlheim bieten wir Ihnen in diesen schwierigen Zeiten <strong>professionelle Unterst\u00fctzung <\/strong>mit unseren Kfz-Gutachten an. Mit <strong>modernen Techniken<\/strong> und Werkzeugen analysieren wir den Unfallschaden an Ihrem Fahrzeug und erstellen ein <strong>detailliertes Schadengutachten<\/strong>. Ebenso k\u00f6nnen wir <strong>Kostenvoranschl\u00e4ge <\/strong>anfertigen, um Ihnen bei der Schadensabwicklung zu helfen. Wir sorgen daf\u00fcr, dass der Fahrzeugschaden umfassend und korrekt dokumentiert wird, was eine gerechte Entsch\u00e4digung erm\u00f6glicht. Kontaktieren Sie uns jetzt f\u00fcr Ihr Kfz-Gutachten!<\/p>\t\t\t\t\t\t\t\t<\/div>\n\t\t\t\t<div class=\"elementor-element elementor-element-2fe285d0 elementor-align-center elementor-invisible elementor-widget elementor-widget-button\" data-id=\"2fe285d0\" data-element_type=\"widget\" data-e-type=\"widget\" data-settings=\"{&quot;_animation&quot;:&quot;fadeInUp&quot;,&quot;_animation_delay&quot;:500}\" data-widget_type=\"button.default\">\n\t\t\t\t\t\t\t\t\t\t<a class=\"elementor-button elementor-button-link elementor-size-xl elementor-animation-grow\" href=\"\/kontakt\">\n\t\t\t\t\t\t<span class=\"elementor-button-content-wrapper\">\n\t\t\t\t\t\t\t\t\t<span class=\"elementor-button-text\">Jetzt Kontaktieren!<\/span>\n\t\t\t\t\t<\/span>\n\t\t\t\t\t<\/a>\n\t\t\t\t\t\t\t\t<\/div>\n\t\t\t\t<div class=\"elementor-element elementor-element-13fa18b2 elementor-widget elementor-widget-heading\" data-id=\"13fa18b2\" data-element_type=\"widget\" data-e-type=\"widget\" data-widget_type=\"heading.default\">\n\t\t\t\t\t<h2 class=\"elementor-heading-title elementor-size-default\">Fahrzeugsch\u00e4den und Versicherungsgutachten in M\u00fchlheim an der Ruhr<\/h2>\t\t\t\t<\/div>\n\t\t\t\t<div class=\"elementor-element elementor-element-4ab2c317 elementor-widget elementor-widget-text-editor\" data-id=\"4ab2c317\" data-element_type=\"widget\" data-e-type=\"widget\" data-widget_type=\"text-editor.default\">\n\t\t\t\t\t\t\t\t\t<p>F\u00fcr den Fall, dass Ihr Fahrzeug einen <a href=\"https:\/\/www.kfz-nrw-gutachter.de\/kasko-gutachten\/\">Kaskoschaden<\/a> erleidet, ist eine zweite Expertenmeinung oft eine kluge Entscheidung. Versicherungsgesellschaften beauftragen \u00fcblicherweise eigene Kfz-Gutachter f\u00fcr <a href=\"https:\/\/www.kfz-nrw-gutachter.de\/unfallgutachten\/\">Schadengutachten<\/a>. Allerdings kann es vorkommen, dass der Schaden nicht vollst\u00e4ndig oder korrekt erfasst wird. Hier kommen wir als <strong>unabh\u00e4ngiges Sachverst\u00e4ndigenb\u00fcro <\/strong>ins Spiel. Mit unserem Sachverst\u00e4dnigenb\u00fcro in M\u00fchlheim an der Ruhr sind wir immer zur Stelle. Unsere Spezialisten sind qualifiziert und k\u00f6nnen Sch\u00e4den <strong>pr\u00e4zise <\/strong>erkennen und dokumentieren. Mit unserem Unfallgutachten bieten wir Ihnen eine solide Basis f\u00fcr die Schadensregulierung und eine <strong>unabh\u00e4ngige zweite Meinung <\/strong>zur Sch\u00e4tzung der Versicherung. Lassen Sie sich jetzt zum Kfz-Gutachten beraten!<\/p>\t\t\t\t\t\t\t\t<\/div>\n\t\t\t\t<div class=\"elementor-element elementor-element-3934362a elementor-widget elementor-widget-heading\" data-id=\"3934362a\" data-element_type=\"widget\" data-e-type=\"widget\" data-widget_type=\"heading.default\">\n\t\t\t\t\t<h2 class=\"elementor-heading-title elementor-size-default\">Ihr Kfz-Sachverst\u00e4ndiger M\u00fchlheim f\u00fcr Wert- und Schadensgutachten<\/h2>\t\t\t\t<\/div>\n\t\t\t\t<div class=\"elementor-element elementor-element-2ba324bb elementor-widget elementor-widget-text-editor\" data-id=\"2ba324bb\" data-element_type=\"widget\" data-e-type=\"widget\" data-widget_type=\"text-editor.default\">\n\t\t\t\t\t\t\t\t\t<p>In M\u00fchlheim an der Ruhr bieten wir eine <strong>Vielzahl von Services<\/strong> an, unter anderem:<\/p><ul><li><strong>Beratung<\/strong> bei Verkehrsunf\u00e4llen und Fahrzeugsch\u00e4den<\/li><li>Bei Bedarf stellen wir ein genaues <a href=\"https:\/\/www.kfz-nrw-gutachter.de\/wertgutachten\/\">Wertgutachten<\/a> f\u00fcr Ihr Fahrzeug zusammen, z.B. f\u00fcr <strong>Oldtimer <\/strong>oder wenn ein Verkauf geplant ist.<\/li><li>Im Falle eines Autounfalls erstellen wir umfassende <strong>Schadengutachten<\/strong>, die alle Sch\u00e4den detailgetreu dokumentieren, um Ihnen zu helfen, Ihre Anspr\u00fcche geltend zu machen.<\/li><li>Wir <strong>beraten <\/strong>Sie auch zu den Kosten, die in der Werkstatt anfallen k\u00f6nnten und helfen Ihnen dabei, diese zu optimieren.<\/li><\/ul><p>Unsere erfahrenen Kfz-Sachverst\u00e4ndigen in M\u00fchlheim an der Ruhr stehen Ihnen immer zur Verf\u00fcgung. Wir sind pr\u00e4zise und korrekt, um Ihnen mit Unfallgutachten die <strong>bestm\u00f6gliche R\u00fcckerstattung <\/strong>zu gew\u00e4hrleisten. Beauftragen Sie jetzt ein Kfz-Gutachten!<\/p>\t\t\t\t\t\t\t\t<\/div>\n\t\t\t\t<div class=\"elementor-element elementor-element-20d7cdc elementor-widget elementor-widget-heading\" data-id=\"20d7cdc\" data-element_type=\"widget\" data-e-type=\"widget\" data-widget_type=\"heading.default\">\n\t\t\t\t\t<h3 class=\"elementor-heading-title elementor-size-default\">Zuverl\u00e4ssiger Kfz-Sachverst\u00e4ndiger M\u00fchlheim und in ganz NRW<\/h3>\t\t\t\t<\/div>\n\t\t\t\t<div class=\"elementor-element elementor-element-d6d208e elementor-widget elementor-widget-text-editor\" data-id=\"d6d208e\" data-element_type=\"widget\" data-e-type=\"widget\" data-widget_type=\"text-editor.default\">\n\t\t\t\t\t\t\t\t\t<p>Mit <strong>langj\u00e4hriger Erfahrung und Fachkenntnis<\/strong> bietet unser Sachverst\u00e4ndigenb\u00fcro in M\u00fchlheim an der Ruh<strong>r hochqualitative Dienstleistungen<\/strong> in den Bereichen Kfz-Gutachten und Wertgutachten an. Unser Servicegebiet erstreckt sich \u00fcber die Region M\u00fchlheim und dar\u00fcber hinaus, einschlie\u00dflich <a href=\"https:\/\/www.kfz-nrw-gutachter.de\/gutachter-dortmund\/\">Dortmund<\/a> und <a href=\"https:\/\/www.kfz-nrw-gutachter.de\/gutachter-bonn\/\">Bonn<\/a>. Ob es sich um Unfallsch\u00e4den oder Wertgutachten handelt, unsere Experten sind immer bereit.<\/p><p>Sie k\u00f6nnen uns unter der Telefonnummer <strong>+49 2151-6204300 <\/strong>oder per E-Mail an <a href=\"mailto:info@kfz-nrw-gutachter.de\">info@kfz-nrw-gutachter.de<\/a> kontaktieren. Wir freuen uns darauf, Ihnen als Ihr Kfz-Sachverst\u00e4ndiger M\u00fchlheim und in ganz NRW zur Verf\u00fcgung zu stehen!<\/p>\t\t\t\t\t\t\t\t<\/div>\n\t\t\t\t<div class=\"elementor-element elementor-element-452fe9cb elementor-align-center elementor-invisible elementor-widget elementor-widget-button\" data-id=\"452fe9cb\" data-element_type=\"widget\" data-e-type=\"widget\" data-settings=\"{&quot;_animation&quot;:&quot;fadeInUp&quot;,&quot;_animation_delay&quot;:500}\" data-widget_type=\"button.default\">\n\t\t\t\t\t\t\t\t\t\t<a class=\"elementor-button elementor-button-link elementor-size-xl elementor-animation-grow\" href=\"\/kontakt\">\n\t\t\t\t\t\t<span class=\"elementor-button-content-wrapper\">\n\t\t\t\t\t\t\t\t\t<span class=\"elementor-button-text\">Jetzt Kontaktieren!<\/span>\n\t\t\t\t\t<\/span>\n\t\t\t\t\t<\/a>\n\t\t\t\t\t\t\t\t<\/div>\n\t\t\t\t\t<\/div>\n\t\t\t\t<\/div>\n\t\t\t\t<section class=\"elementor-section elementor-top-section elementor-element elementor-element-56118912 elementor-section-height-min-height elementor-section-boxed elementor-section-height-default elementor-section-items-middle\" data-id=\"56118912\" data-element_type=\"section\" data-e-type=\"section\" data-settings=\"{&quot;background_background&quot;:&quot;classic&quot;}\">\n\t\t\t\t\t\t<div class=\"elementor-container elementor-column-gap-default\">\n\t\t\t\t\t<div class=\"elementor-column elementor-col-100 elementor-top-column elementor-element elementor-element-776d86a\" data-id=\"776d86a\" data-element_type=\"column\" data-e-type=\"column\">\n\t\t\t<div class=\"elementor-widget-wrap elementor-element-populated\">\n\t\t\t\t\t\t<section class=\"elementor-section elementor-inner-section elementor-element elementor-element-108f24e7 elementor-section-full_width elementor-section-height-default elementor-section-height-default\" data-id=\"108f24e7\" data-element_type=\"section\" data-e-type=\"section\">\n\t\t\t\t\t\t<div class=\"elementor-container elementor-column-gap-default\">\n\t\t\t\t\t<div class=\"elementor-column elementor-col-50 elementor-inner-column elementor-element elementor-element-672e0cb7\" data-id=\"672e0cb7\" data-element_type=\"column\" data-e-type=\"column\">\n\t\t\t<div class=\"elementor-widget-wrap elementor-element-populated\">\n\t\t\t\t\t\t<div class=\"elementor-element elementor-element-507553ce elementor-widget elementor-widget-heading\" data-id=\"507553ce\" data-element_type=\"widget\" data-e-type=\"widget\" data-widget_type=\"heading.default\">\n\t\t\t\t\t<div class=\"elementor-heading-title elementor-size-default\">KFZ Sachverst\u00e4ndiger NRW<\/div>\t\t\t\t<\/div>\n\t\t\t\t<div class=\"elementor-element elementor-element-4ce96ea9 elementor-widget elementor-widget-text-editor\" data-id=\"4ce96ea9\" data-element_type=\"widget\" data-e-type=\"widget\" data-widget_type=\"text-editor.default\">\n\t\t\t\t\t\t\t\t\t<p>Luisenstra\u00dfe 153<br \/>47799 Krefeld<\/p><p>Wie Sie uns erreichen:<br \/>Telefon: +49 2151-6204300<br \/>Telefax: +49 2151 6204304<br \/>E-Mail: info@kfz-nrw-gutachter.de<\/p>\t\t\t\t\t\t\t\t<\/div>\n\t\t\t\t\t<\/div>\n\t\t<\/div>\n\t\t\t\t<div class=\"elementor-column elementor-col-50 elementor-inner-column elementor-element elementor-element-454acfd5\" data-id=\"454acfd5\" data-element_type=\"column\" data-e-type=\"column\">\n\t\t\t<div class=\"elementor-widget-wrap elementor-element-populated\">\n\t\t\t\t\t\t<div class=\"elementor-element elementor-element-528bb9d5 elementor-widget elementor-widget-image\" data-id=\"528bb9d5\" data-element_type=\"widget\" data-e-type=\"widget\" data-widget_type=\"image.default\">\n\t\t\t\t\t\t\t\t\t\t\t\t\t\t\t<img decoding=\"async\" src=\"http:\/\/nrw.kfz-nrw-gutachter.de\/wp-content\/uploads\/sites\/6\/2023\/02\/cropped-Logo-nur-Auto.jpg\" title=\"\" alt=\"\" loading=\"lazy\" \/>\t\t\t\t\t\t\t\t\t\t\t\t\t\t\t<\/div>\n\t\t\t\t<div class=\"elementor-element elementor-element-a8b0e8f elementor-widget elementor-widget-image\" data-id=\"a8b0e8f\" data-element_type=\"widget\" data-e-type=\"widget\" data-widget_type=\"image.default\">\n\t\t\t\t\t\t\t\t\t\t\t\t\t\t\t<img decoding=\"async\" src=\"http:\/\/nrw.kfz-nrw-gutachter.de\/wp-content\/uploads\/sites\/6\/2023\/02\/Logo-nur-Schrift.png\" title=\"\" alt=\"\" loading=\"lazy\" \/>\t\t\t\t\t\t\t\t\t\t\t\t\t\t\t<\/div>\n\t\t\t\t<div class=\"elementor-element elementor-element-f7698b5 elementor-widget elementor-widget-text-editor\" data-id=\"f7698b5\" data-element_type=\"widget\" data-e-type=\"widget\" data-widget_type=\"text-editor.default\">\n\t\t\t\t\t\t\t\t\t<p>Profitieren Sie von unserer langj\u00e4hrigen Erfahrung!<\/p>\t\t\t\t\t\t\t\t<\/div>\n\t\t\t\t<div class=\"elementor-element elementor-element-6756972f elementor-shape-circle e-grid-align-right elementor-grid-0 elementor-widget elementor-widget-social-icons\" data-id=\"6756972f\" data-element_type=\"widget\" data-e-type=\"widget\" data-widget_type=\"social-icons.default\">\n\t\t\t\t\t\t\t<div class=\"elementor-social-icons-wrapper elementor-grid\" role=\"list\">\n\t\t\t\t\t\t\t<span class=\"elementor-grid-item\" role=\"listitem\">\n\t\t\t\t\t<a class=\"elementor-icon elementor-social-icon elementor-social-icon-facebook-f elementor-animation-grow elementor-repeater-item-53723b6\" href=\"https:\/\/www.facebook.com\/zemezlab\/\" target=\"_blank\">\n\t\t\t\t\t\t<span class=\"elementor-screen-only\">Facebook-f<\/span>\n\t\t\t\t\t\t<svg aria-hidden=\"true\" class=\"e-font-icon-svg e-fab-facebook-f\" viewBox=\"0 0 320 512\" xmlns=\"http:\/\/www.w3.org\/2000\/svg\"><path d=\"M279.14 288l14.22-92.66h-88.91v-60.13c0-25.35 12.42-50.06 52.24-50.06h40.42V6.26S260.43 0 225.36 0c-73.22 0-121.08 44.38-121.08 124.72v70.62H22.89V288h81.39v224h100.17V288z\"><\/path><\/svg>\t\t\t\t\t<\/a>\n\t\t\t\t<\/span>\n\t\t\t\t\t\t\t<span class=\"elementor-grid-item\" role=\"listitem\">\n\t\t\t\t\t<a class=\"elementor-icon elementor-social-icon elementor-social-icon-twitter elementor-animation-grow elementor-repeater-item-3c92661\" href=\"https:\/\/twitter.com\/zemezlab\" target=\"_blank\">\n\t\t\t\t\t\t<span class=\"elementor-screen-only\">Twitter<\/span>\n\t\t\t\t\t\t<svg aria-hidden=\"true\" class=\"e-font-icon-svg e-fab-twitter\" viewBox=\"0 0 512 512\" xmlns=\"http:\/\/www.w3.org\/2000\/svg\"><path d=\"M459.37 151.716c.325 4.548.325 9.097.325 13.645 0 138.72-105.583 298.558-298.558 298.558-59.452 0-114.68-17.219-161.137-47.106 8.447.974 16.568 1.299 25.34 1.299 49.055 0 94.213-16.568 130.274-44.832-46.132-.975-84.792-31.188-98.112-72.772 6.498.974 12.995 1.624 19.818 1.624 9.421 0 18.843-1.3 27.614-3.573-48.081-9.747-84.143-51.98-84.143-102.985v-1.299c13.969 7.797 30.214 12.67 47.431 13.319-28.264-18.843-46.781-51.005-46.781-87.391 0-19.492 5.197-37.36 14.294-52.954 51.655 63.675 129.3 105.258 216.365 109.807-1.624-7.797-2.599-15.918-2.599-24.04 0-57.828 46.782-104.934 104.934-104.934 30.213 0 57.502 12.67 76.67 33.137 23.715-4.548 46.456-13.32 66.599-25.34-7.798 24.366-24.366 44.833-46.132 57.827 21.117-2.273 41.584-8.122 60.426-16.243-14.292 20.791-32.161 39.308-52.628 54.253z\"><\/path><\/svg>\t\t\t\t\t<\/a>\n\t\t\t\t<\/span>\n\t\t\t\t\t\t\t<span class=\"elementor-grid-item\" role=\"listitem\">\n\t\t\t\t\t<a class=\"elementor-icon elementor-social-icon elementor-social-icon-google-plus-g elementor-animation-grow elementor-repeater-item-30fdae8\" href=\"https:\/\/plus.google.com\/\" target=\"_blank\">\n\t\t\t\t\t\t<span class=\"elementor-screen-only\">Google-plus-g<\/span>\n\t\t\t\t\t\t<svg aria-hidden=\"true\" class=\"e-font-icon-svg e-fab-google-plus-g\" viewBox=\"0 0 640 512\" xmlns=\"http:\/\/www.w3.org\/2000\/svg\"><path d=\"M386.061 228.496c1.834 9.692 3.143 19.384 3.143 31.956C389.204 370.205 315.599 448 204.8 448c-106.084 0-192-85.915-192-192s85.916-192 192-192c51.864 0 95.083 18.859 128.611 50.292l-52.126 50.03c-14.145-13.621-39.028-29.599-76.485-29.599-65.484 0-118.92 54.221-118.92 121.277 0 67.056 53.436 121.277 118.92 121.277 75.961 0 104.513-54.745 108.965-82.773H204.8v-66.009h181.261zm185.406 6.437V179.2h-56.001v55.733h-55.733v56.001h55.733v55.733h56.001v-55.733H627.2v-56.001h-55.733z\"><\/path><\/svg>\t\t\t\t\t<\/a>\n\t\t\t\t<\/span>\n\t\t\t\t\t\t\t<span class=\"elementor-grid-item\" role=\"listitem\">\n\t\t\t\t\t<a class=\"elementor-icon elementor-social-icon elementor-social-icon-instagram elementor-animation-grow elementor-repeater-item-962f4eb\" href=\"https:\/\/www.instagram.com\/zemezlab\" target=\"_blank\">\n\t\t\t\t\t\t<span class=\"elementor-screen-only\">Instagram<\/span>\n\t\t\t\t\t\t<svg aria-hidden=\"true\" class=\"e-font-icon-svg e-fab-instagram\" viewBox=\"0 0 448 512\" xmlns=\"http:\/\/www.w3.org\/2000\/svg\"><path d=\"M224.1 141c-63.6 0-114.9 51.3-114.9 114.9s51.3 114.9 114.9 114.9S339 319.5 339 255.9 287.7 141 224.1 141zm0 189.6c-41.1 0-74.7-33.5-74.7-74.7s33.5-74.7 74.7-74.7 74.7 33.5 74.7 74.7-33.6 74.7-74.7 74.7zm146.4-194.3c0 14.9-12 26.8-26.8 26.8-14.9 0-26.8-12-26.8-26.8s12-26.8 26.8-26.8 26.8 12 26.8 26.8zm76.1 27.2c-1.7-35.9-9.9-67.7-36.2-93.9-26.2-26.2-58-34.4-93.9-36.2-37-2.1-147.9-2.1-184.9 0-35.8 1.7-67.6 9.9-93.9 36.1s-34.4 58-36.2 93.9c-2.1 37-2.1 147.9 0 184.9 1.7 35.9 9.9 67.7 36.2 93.9s58 34.4 93.9 36.2c37 2.1 147.9 2.1 184.9 0 35.9-1.7 67.7-9.9 93.9-36.2 26.2-26.2 34.4-58 36.2-93.9 2.1-37 2.1-147.8 0-184.8zM398.8 388c-7.8 19.6-22.9 34.7-42.6 42.6-29.5 11.7-99.5 9-132.1 9s-102.7 2.6-132.1-9c-19.6-7.8-34.7-22.9-42.6-42.6-11.7-29.5-9-99.5-9-132.1s-2.6-102.7 9-132.1c7.8-19.6 22.9-34.7 42.6-42.6 29.5-11.7 99.5-9 132.1-9s102.7-2.6 132.1 9c19.6 7.8 34.7 22.9 42.6 42.6 11.7 29.5 9 99.5 9 132.1s2.7 102.7-9 132.1z\"><\/path><\/svg>\t\t\t\t\t<\/a>\n\t\t\t\t<\/span>\n\t\t\t\t\t<\/div>\n\t\t\t\t\t\t<\/div>\n\t\t\t\t\t<\/div>\n\t\t<\/div>\n\t\t\t\t\t<\/div>\n\t\t<\/section>\n\t\t\t\t\t<\/div>\n\t\t<\/div>\n\t\t\t\t\t<\/div>\n\t\t<\/section>\n\t\t\t\t<section class=\"elementor-section elementor-top-section elementor-element elementor-element-eb78682 elementor-section-height-min-height elementor-section-boxed elementor-section-height-default elementor-section-items-middle\" data-id=\"eb78682\" data-element_type=\"section\" data-e-type=\"section\" data-settings=\"{&quot;background_background&quot;:&quot;classic&quot;}\">\n\t\t\t\t\t\t<div class=\"elementor-container elementor-column-gap-default\">\n\t\t\t\t\t<div class=\"elementor-column elementor-col-100 elementor-top-column elementor-element elementor-element-2a442f5a\" data-id=\"2a442f5a\" data-element_type=\"column\" data-e-type=\"column\">\n\t\t\t<div class=\"elementor-widget-wrap elementor-element-populated\">\n\t\t\t\t\t\t<section class=\"elementor-section elementor-inner-section elementor-element elementor-element-5a97b5c1 elementor-section-boxed elementor-section-height-default elementor-section-height-default\" data-id=\"5a97b5c1\" data-element_type=\"section\" data-e-type=\"section\">\n\t\t\t\t\t\t<div class=\"elementor-container elementor-column-gap-default\">\n\t\t\t\t\t<div class=\"elementor-column elementor-col-50 elementor-inner-column elementor-element elementor-element-2c82e367\" data-id=\"2c82e367\" data-element_type=\"column\" data-e-type=\"column\">\n\t\t\t<div class=\"elementor-widget-wrap elementor-element-populated\">\n\t\t\t\t\t\t<div class=\"elementor-element elementor-element-49d6cddd elementor-widget elementor-widget-text-editor\" data-id=\"49d6cddd\" data-element_type=\"widget\" data-e-type=\"widget\" data-widget_type=\"text-editor.default\">\n\t\t\t\t\t\t\t\t\t<p>\u00a9 2012-2022 KFZ Sachverst\u00e4ndiger NRW. Alle Rechte vorbehalten.<\/p>\t\t\t\t\t\t\t\t<\/div>\n\t\t\t\t\t<\/div>\n\t\t<\/div>\n\t\t\t\t<div class=\"elementor-column elementor-col-50 elementor-inner-column elementor-element elementor-element-7031e114\" data-id=\"7031e114\" data-element_type=\"column\" data-e-type=\"column\">\n\t\t\t<div class=\"elementor-widget-wrap elementor-element-populated\">\n\t\t\t\t\t\t<section class=\"elementor-section elementor-inner-section elementor-element elementor-element-e929311 elementor-section-boxed elementor-section-height-default elementor-section-height-default\" data-id=\"e929311\" data-element_type=\"section\" data-e-type=\"section\">\n\t\t\t\t\t\t<div class=\"elementor-container elementor-column-gap-default\">\n\t\t\t\t\t<div class=\"elementor-column elementor-col-25 elementor-inner-column elementor-element elementor-element-3907ca3\" data-id=\"3907ca3\" data-element_type=\"column\" data-e-type=\"column\">\n\t\t\t<div class=\"elementor-widget-wrap elementor-element-populated\">\n\t\t\t\t\t\t<div class=\"elementor-element elementor-element-78939a7b elementor-widget elementor-widget-text-editor\" data-id=\"78939a7b\" data-element_type=\"widget\" data-e-type=\"widget\" data-widget_type=\"text-editor.default\">\n\t\t\t\t\t\t\t\t\t<p><a href=\"https:\/\/www.kfz-nrw-gutachter.de\/datenschutz\/\">Datenschutz<\/a><\/p>\t\t\t\t\t\t\t\t<\/div>\n\t\t\t\t\t<\/div>\n\t\t<\/div>\n\t\t\t\t<div class=\"elementor-column elementor-col-25 elementor-inner-column elementor-element elementor-element-1935a35e\" data-id=\"1935a35e\" data-element_type=\"column\" data-e-type=\"column\">\n\t\t\t<div class=\"elementor-widget-wrap elementor-element-populated\">\n\t\t\t\t\t\t<div class=\"elementor-element elementor-element-412057c1 elementor-widget elementor-widget-text-editor\" data-id=\"412057c1\" data-element_type=\"widget\" data-e-type=\"widget\" data-widget_type=\"text-editor.default\">\n\t\t\t\t\t\t\t\t\t<p><a href=\"https:\/\/www.kfz-nrw-gutachter.de\/kontakt\/\">Kontakt<\/a><\/p>\t\t\t\t\t\t\t\t<\/div>\n\t\t\t\t\t<\/div>\n\t\t<\/div>\n\t\t\t\t<div class=\"elementor-column elementor-col-25 elementor-inner-column elementor-element elementor-element-15979928\" data-id=\"15979928\" data-element_type=\"column\" data-e-type=\"column\">\n\t\t\t<div class=\"elementor-widget-wrap elementor-element-populated\">\n\t\t\t\t\t\t<div class=\"elementor-element elementor-element-7f575ce3 elementor-widget elementor-widget-text-editor\" data-id=\"7f575ce3\" data-element_type=\"widget\" data-e-type=\"widget\" data-widget_type=\"text-editor.default\">\n\t\t\t\t\t\t\t\t\t<p><a href=\"https:\/\/www.kfz-nrw-gutachter.de\/agb\/\">AGB<\/a><\/p>\t\t\t\t\t\t\t\t<\/div>\n\t\t\t\t\t<\/div>\n\t\t<\/div>\n\t\t\t\t<div class=\"elementor-column elementor-col-25 elementor-inner-column elementor-element elementor-element-13ea93bd\" data-id=\"13ea93bd\" data-element_type=\"column\" data-e-type=\"column\">\n\t\t\t<div class=\"elementor-widget-wrap elementor-element-populated\">\n\t\t\t\t\t\t<div class=\"elementor-element elementor-element-30354d82 elementor-widget elementor-widget-text-editor\" data-id=\"30354d82\" data-element_type=\"widget\" data-e-type=\"widget\" data-widget_type=\"text-editor.default\">\n\t\t\t\t\t\t\t\t\t<p><a href=\"https:\/\/www.kfz-nrw-gutachter.de\/impressum\/\">Impressum<\/a><\/p>\t\t\t\t\t\t\t\t<\/div>\n\t\t\t\t\t<\/div>\n\t\t<\/div>\n\t\t\t\t\t<\/div>\n\t\t<\/section>\n\t\t\t\t\t<\/div>\n\t\t<\/div>\n\t\t\t\t\t<\/div>\n\t\t<\/section>\n\t\t\t\t\t<\/div>\n\t\t<\/div>\n\t\t\t\t\t<\/div>\n\t\t<\/section>\n\t\t<div class=\"elementor-element elementor-element-2b4c1c53 e-con-full mobil-button-layout e-flex e-con e-parent\" data-id=\"2b4c1c53\" data-element_type=\"container\" data-e-type=\"container\" data-settings=\"{&quot;position&quot;:&quot;fixed&quot;}\">\n\t\t\t\t<div class=\"elementor-element elementor-element-5ae85a75 mobil-button elementor-widget elementor-widget-image\" data-id=\"5ae85a75\" data-element_type=\"widget\" data-e-type=\"widget\" data-widget_type=\"image.default\">\n\t\t\t\t\t\t\t\t\t\t\t\t\t\t\t\t<a href=\"tel:0170%206812509\">\n\t\t\t\t\t\t\t<img decoding=\"async\" src=\"https:\/\/www.kfz-nrw-gutachter.de\/wp-content\/uploads\/sites\/6\/2023\/02\/Element-1-1.png\" title=\"\" alt=\"\" loading=\"lazy\" \/>\t\t\t\t\t\t\t\t<\/a>\n\t\t\t\t\t\t\t\t\t\t\t\t\t\t\t<\/div>\n\t\t\t\t<\/div>\n\t\t\t\t<\/div>\n\t\t","protected":false},"excerpt":{"rendered":"<p>Expertenunterst\u00fctzung durch Kfz-Gutachter in M\u00fchlheim Einwandfreie Pkw-Gutachten: \u00dcberall in NRW Jetzt Kontaktieren! Die Lage nach einem Autounfall kann verwirrend und belastend sein, wenn Ihr Fahrzeug betroffen ist. Als Kfz-Gutachter in M\u00fchlheim bieten wir Ihnen in diesen schwierigen Zeiten professionelle Unterst\u00fctzung mit unseren Kfz-Gutachten an. Mit modernen Techniken und Werkzeugen analysieren wir den Unfallschaden an Ihrem [&hellip;]<\/p>\n","protected":false},"author":1,"featured_media":0,"parent":0,"menu_order":0,"comment_status":"closed","ping_status":"closed","template":"elementor_header_footer","meta":{"footnotes":""},"class_list":["post-3237","page","type-page","status-publish","hentry"],"_links":{"self":[{"href":"https:\/\/kfz-nrw-gutachter.de\/index.php\/wp-json\/wp\/v2\/pages\/3237","targetHints":{"allow":["GET"]}}],"collection":[{"href":"https:\/\/kfz-nrw-gutachter.de\/index.php\/wp-json\/wp\/v2\/pages"}],"about":[{"href":"https:\/\/kfz-nrw-gutachter.de\/index.php\/wp-json\/wp\/v2\/types\/page"}],"author":[{"embeddable":true,"href":"https:\/\/kfz-nrw-gutachter.de\/index.php\/wp-json\/wp\/v2\/users\/1"}],"replies":[{"embeddable":true,"href":"https:\/\/kfz-nrw-gutachter.de\/index.php\/wp-json\/wp\/v2\/comments?post=3237"}],"version-history":[{"count":0,"href":"https:\/\/kfz-nrw-gutachter.de\/index.php\/wp-json\/wp\/v2\/pages\/3237\/revisions"}],"wp:attachment":[{"href":"https:\/\/kfz-nrw-gutachter.de\/index.php\/wp-json\/wp\/v2\/media?parent=3237"}],"curies":[{"name":"wp","href":"https:\/\/api.w.org\/{rel}","templated":true}]}}